{"id":229484,"date":"2022-03-01T07:30:44","date_gmt":"2022-03-01T07:30:44","guid":{"rendered":"https:\/\/germanyafrica.com\/?page_id=229484"},"modified":"2023-02-09T19:30:41","modified_gmt":"2023-02-09T19:30:41","slug":"investment-ties","status":"publish","type":"page","link":"https:\/\/germanyafrica.com\/de\/investment-ties\/","title":{"rendered":"INVESTITIONSBEZIEHUNGEN"},"content":{"rendered":"<p>[et_pb_section fb_built=&#8221;1&#8243; fullwidth=&#8221;on&#8221; _builder_version=&#8221;4.16&#8243; _module_preset=&#8221;default&#8221; background_color=&#8221;rgba(0,0,0,0.67)&#8221; background_image=&#8221;https:\/\/germanyafrica.com\/wp-content\/uploads\/2022\/03\/Munich_GABF.webp&#8221; background_size=&#8221;initial&#8221; background_blend=&#8221;multiply&#8221; global_colors_info=&#8221;{}&#8221;][et_pb_fullwidth_header title=&#8221;investment ties&#8221; _builder_version=&#8221;4.16&#8243; _module_preset=&#8221;default&#8221; title_font=&#8221;Bebas Neue||||||||&#8221; title_font_size=&#8221;80px&#8221; title_line_height=&#8221;1.3em&#8221; background_enable_color=&#8221;off&#8221; title_font_size_tablet=&#8221;80px&#8221; title_font_size_phone=&#8221;55px&#8221; title_font_size_last_edited=&#8221;on|phone&#8221; global_colors_info=&#8221;{}&#8221; title_font_size__hover_enabled=&#8221;on|desktop&#8221; title_font_size__hover=&#8221;80px&#8221;][\/et_pb_fullwidth_header][\/et_pb_section][et_pb_section fb_built=&#8221;1&#8243; _builder_version=&#8221;4.16&#8243; _module_preset=&#8221;default&#8221; global_colors_info=&#8221;{}&#8221;][et_pb_row column_structure=&#8221;1_2,1_2&#8243; custom_padding_last_edited=&#8221;on|phone&#8221; _builder_version=&#8221;4.16&#8243; _module_preset=&#8221;default&#8221; width=&#8221;100%&#8221; width_tablet=&#8221;100%&#8221; width_phone=&#8221;100%&#8221; width_last_edited=&#8221;on|phone&#8221; custom_margin=&#8221;||50px||false|false&#8221; custom_padding_tablet=&#8221;&#8221; custom_padding_phone=&#8221;|30px||30px|false|true&#8221; global_colors_info=&#8221;{}&#8221; width__hover_enabled=&#8221;on|desktop&#8221; custom_padding__hover_enabled=&#8221;on|desktop&#8221; width__hover=&#8221;100%&#8221;][et_pb_column type=&#8221;1_2&#8243; _builder_version=&#8221;4.16&#8243; _module_preset=&#8221;default&#8221; global_colors_info=&#8221;{}&#8221;][et_pb_text _builder_version=&#8221;4.19.5&#8243; _module_preset=&#8221;default&#8221; custom_margin=&#8221;||0px|||&#8221; hover_enabled=&#8221;0&#8243; global_colors_info=&#8221;{}&#8221; sticky_enabled=&#8221;0&#8243;]<\/p>\n<h2 class=\"elementor-heading-title elementor-size-default\">Deutsch-afrikanische Transformationen<\/h2>\n<p>[\/et_pb_text][et_pb_text _builder_version=&#8221;4.19.5&#8243; _module_preset=&#8221;default&#8221; hover_enabled=&#8221;0&#8243; global_colors_info=&#8221;{}&#8221; sticky_enabled=&#8221;0&#8243;]<\/p>\n<p>Mit einem breiten Netzwerk renommierter Pers\u00f6nlichkeiten aus Politik und Wirtschaft hat sich das GABF als wichtiges Bindeglied zur Abstimmung deutscher und afrikanischer Wirtschaftsinteressen etabliert.<\/p>\n<p>Das GABF \u201cassistiert und besteht\u201d durch ein verst\u00e4rktes Engagement deutscher Investoren auf dem afrikanischen Kontinent.<\/p>\n<p>Das GABF setzt Ma\u00dfst\u00e4be f\u00fcr Diskussionen auf hohem Niveau und bietet jedem Teilnehmer den Kontext und M\u00f6glichkeit f\u00fcr ein langfristiges Engagement. Wir stellen die Wirkung unserer Bem\u00fchungen sicher, indem jede Initiative klare Ergebnisse und Aktionspunkte liefert.<\/p>\n<p>[\/et_pb_text][\/et_pb_column][et_pb_column type=&#8221;1_2&#8243; _builder_version=&#8221;4.16&#8243; _module_preset=&#8221;default&#8221; global_colors_info=&#8221;{}&#8221;][et_pb_image src=&#8221;https:\/\/germanyafrica.com\/wp-content\/uploads\/2022\/03\/investment-ties.webp&#8221; title_text=&#8221;investment-ties&#8221; _builder_version=&#8221;4.16&#8243; _module_preset=&#8221;default&#8221; global_colors_info=&#8221;{}&#8221;][\/et_pb_image][\/et_pb_column][\/et_pb_row][et_pb_row column_structure=&#8221;1_2,1_2&#8243; custom_padding_last_edited=&#8221;on|phone&#8221; _builder_version=&#8221;4.16&#8243; _module_preset=&#8221;default&#8221; width=&#8221;100%&#8221; custom_padding_tablet=&#8221;&#8221; custom_padding_phone=&#8221;|30px||30px|false|true&#8221; global_colors_info=&#8221;{}&#8221; custom_padding__hover_enabled=&#8221;on|desktop&#8221;][et_pb_column type=&#8221;1_2&#8243; _builder_version=&#8221;4.16&#8243; _module_preset=&#8221;default&#8221; global_colors_info=&#8221;{}&#8221;][et_pb_image src=&#8221;https:\/\/germanyafrica.com\/wp-content\/uploads\/2022\/03\/initiatives-feature.webp&#8221; title_text=&#8221;initiatives-feature&#8221; _builder_version=&#8221;4.16&#8243; _module_preset=&#8221;default&#8221; global_colors_info=&#8221;{}&#8221;][\/et_pb_image][\/et_pb_column][et_pb_column type=&#8221;1_2&#8243; _builder_version=&#8221;4.16&#8243; _module_preset=&#8221;default&#8221; global_colors_info=&#8221;{}&#8221;][et_pb_text _builder_version=&#8221;4.19.5&#8243; _module_preset=&#8221;default&#8221; custom_margin=&#8221;||-2px|||&#8221; hover_enabled=&#8221;0&#8243; global_colors_info=&#8221;{}&#8221; sticky_enabled=&#8221;0&#8243;]<\/p>\n<h2 class=\"elementor-heading-title elementor-size-default\">Die afrikanische Chance<\/h2>\n<p>[\/et_pb_text][et_pb_text _builder_version=&#8221;4.19.5&#8243; _module_preset=&#8221;default&#8221; hover_enabled=&#8221;0&#8243; global_colors_info=&#8221;{}&#8221; sticky_enabled=&#8221;0&#8243;]<\/p>\n<p>Die afrikanische Konsumlandschaft entwickelt sich in rasantem Tempo, angetrieben von wachsender Bev\u00f6lkerung, technologischem Fortschritt und einem steigenden Einkommen.<\/p>\n<p>Afrikas Urbanisierung verl\u00e4uft schneller als irgendwo sonst auf der Welt und schafft enorme M\u00f6glichkeiten f\u00fcr Wohnraum, Transport, Wasser und Energie.<\/p>\n<p>[\/et_pb_text][\/et_pb_column][\/et_pb_row][\/et_pb_section][et_pb_section fb_built=&#8221;1&#8243; _builder_version=&#8221;4.16&#8243; _module_preset=&#8221;default&#8221; background_color=&#8221;#e01f26&#8243; global_colors_info=&#8221;{}&#8221;][et_pb_row _builder_version=&#8221;4.16&#8243; _module_preset=&#8221;default&#8221; global_colors_info=&#8221;{}&#8221;][et_pb_column type=&#8221;4_4&#8243; _builder_version=&#8221;4.16&#8243; _module_preset=&#8221;default&#8221; global_colors_info=&#8221;{}&#8221;][et_pb_text _builder_version=&#8221;4.19.5&#8243; _module_preset=&#8221;default&#8221; header_4_font=&#8221;Bebas Neue||||||||&#8221; header_4_text_color=&#8221;#000000&#8243; header_4_font_size=&#8221;30px&#8221; hover_enabled=&#8221;0&#8243; global_colors_info=&#8221;{}&#8221; header_4_line_height=&#8221;1.2em&#8221; sticky_enabled=&#8221;0&#8243;]<\/p>\n<div class=\"elementor-element elementor-element-6ba1f596 elementor-widget elementor-widget-heading\" data-id=\"6ba1f596\" data-element_type=\"widget\" data-widget_type=\"heading.default\">\n<div class=\"elementor-widget-container\">\n<h4 class=\"elementor-heading-title elementor-size-default\" style=\"text-align: center;\">Afrika wird voraussichtlich bis 2040 die am schnellsten wachsende Region der Welt sein: Mitten in einer \u00c4ra des zunehmenden Wohlstandes wird es noch nie da gewesene Aufmerksam und damit einhergehende Investitionen auf sich ziehen.<\/h4>\n<\/div>\n<\/div>\n<p>[\/et_pb_text][et_pb_button button_url=&#8221;https:\/\/germanyafrica.com\/contact-us\/&#8221; button_text=&#8221;CONTACT US&#8221; button_alignment=&#8221;center&#8221; _builder_version=&#8221;4.16&#8243; _module_preset=&#8221;default&#8221; custom_button=&#8221;on&#8221; button_text_color=&#8221;#000000&#8243; button_bg_color=&#8221;#FFD10A&#8221; button_border_width=&#8221;0px&#8221; button_font=&#8221;Bebas Neue||||||||&#8221; animation_style=&#8221;zoom&#8221; global_colors_info=&#8221;{}&#8221;][\/et_pb_button][\/et_pb_column][\/et_pb_row][\/et_pb_section]<\/p>","protected":false},"excerpt":{"rendered":"<p>German-African TransformationsWith a wide network of renowned personalities from the political field and private sector, the GABF has established itself as an important link to align German and African business interests. The GABF \u201cassists and insists\u201d in a strengthened commitment of German investors towards the African continent. GABF is a benchmark for high-level discussion, giving [&hellip;]<\/p>","protected":false},"author":1,"featured_media":0,"parent":0,"menu_order":0,"comment_status":"closed","ping_status":"closed","template":"","meta":{"_et_pb_use_builder":"on","_et_pb_old_content":"<!-- wp:divi\/placeholder \/-->","_et_gb_content_width":"","footnotes":""},"class_list":["post-229484","page","type-page","status-publish","hentry"],"_links":{"self":[{"href":"https:\/\/germanyafrica.com\/de\/wp-json\/wp\/v2\/pages\/229484","targetHints":{"allow":["GET"]}}],"collection":[{"href":"https:\/\/germanyafrica.com\/de\/wp-json\/wp\/v2\/pages"}],"about":[{"href":"https:\/\/germanyafrica.com\/de\/wp-json\/wp\/v2\/types\/page"}],"author":[{"embeddable":true,"href":"https:\/\/germanyafrica.com\/de\/wp-json\/wp\/v2\/users\/1"}],"replies":[{"embeddable":true,"href":"https:\/\/germanyafrica.com\/de\/wp-json\/wp\/v2\/comments?post=229484"}],"version-history":[{"count":14,"href":"https:\/\/germanyafrica.com\/de\/wp-json\/wp\/v2\/pages\/229484\/revisions"}],"predecessor-version":[{"id":230155,"href":"https:\/\/germanyafrica.com\/de\/wp-json\/wp\/v2\/pages\/229484\/revisions\/230155"}],"wp:attachment":[{"href":"https:\/\/germanyafrica.com\/de\/wp-json\/wp\/v2\/media?parent=229484"}],"curies":[{"name":"wp","href":"https:\/\/api.w.org\/{rel}","templated":true}]}}