{"id":229480,"date":"2022-03-01T07:29:54","date_gmt":"2022-03-01T07:29:54","guid":{"rendered":"https:\/\/germanyafrica.com\/?page_id=229480"},"modified":"2022-05-12T18:38:03","modified_gmt":"2022-05-12T18:38:03","slug":"about","status":"publish","type":"page","link":"https:\/\/germanyafrica.com\/de\/about\/","title":{"rendered":"About US"},"content":{"rendered":"<p>[et_pb_section fb_built=&#8221;1&#8243; specialty=&#8221;on&#8221; custom_padding_last_edited=&#8221;on|desktop&#8221; padding_top_1=&#8221;0px&#8221; padding_2_tablet=&#8221;|||10vw&#8221; padding_2_phone=&#8221;&#8221; padding_2_last_edited=&#8221;on|tablet&#8221; admin_label=&#8221;Header&#8221; _builder_version=&#8221;4.16&#8243; background_color=&#8221;#eaeaf1&#8243; inner_width=&#8221;100%&#8221; inner_max_width=&#8221;100%&#8221; custom_padding=&#8221;0px|10vw|1px|||&#8221; custom_padding_tablet=&#8221;|||&#8221; custom_padding_phone=&#8221;&#8221; locked=&#8221;off&#8221; global_colors_info=&#8221;{}&#8221;][et_pb_column type=&#8221;1_2&#8243; _builder_version=&#8221;4.16&#8243; custom_padding=&#8221;|||&#8221; global_colors_info=&#8221;{}&#8221; custom_padding__hover=&#8221;|||&#8221;][et_pb_image src=&#8221;https:\/\/germanyafrica.com\/wp-content\/uploads\/2022\/03\/AOP-talk.webp&#8221; title_text=&#8221;pexels-kelly-lacy-6572421-2-1024&#215;575&#8243; align_tablet=&#8221;center&#8221; align_phone=&#8221;&#8221; align_last_edited=&#8221;on|desktop&#8221; _builder_version=&#8221;4.16&#8243; background_color=&#8221;#FFD10A&#8221; background_enable_image=&#8221;off&#8221; parallax=&#8221;on&#8221; custom_margin=&#8221;|-50vw||&#8221; custom_margin_tablet=&#8221;|0vw||&#8221; custom_margin_phone=&#8221;&#8221; custom_margin_last_edited=&#8221;on|desktop&#8221; locked=&#8221;off&#8221; global_colors_info=&#8221;{}&#8221;][\/et_pb_image][\/et_pb_column][et_pb_column type=&#8221;1_2&#8243; specialty_columns=&#8221;2&#8243; _builder_version=&#8221;4.16&#8243; custom_padding=&#8221;|||&#8221; global_colors_info=&#8221;{}&#8221; custom_padding__hover=&#8221;|||&#8221;][et_pb_row_inner custom_padding_last_edited=&#8221;on|phone&#8221; _builder_version=&#8221;4.16&#8243; background_color=&#8221;#000000&#8243; max_width=&#8221;600px&#8221; custom_margin=&#8221;30vw||0vw||false|&#8221; custom_margin_tablet=&#8221;-40vw||&#8221; custom_margin_phone=&#8221;&#8221; custom_margin_last_edited=&#8221;on|tablet&#8221; custom_padding=&#8221;80px|60px|80px|60px|true|false&#8221; custom_padding_tablet=&#8221;60px|50px|60px|50px|true|true&#8221; custom_padding_phone=&#8221;50px|||40px&#8221; box_shadow_style=&#8221;preset2&#8243; box_shadow_vertical=&#8221;28px&#8221; box_shadow_blur=&#8221;40px&#8221; box_shadow_color=&#8221;rgba(0,0,0,0.1)&#8221; global_colors_info=&#8221;{}&#8221;][et_pb_column_inner saved_specialty_column_type=&#8221;1_2&#8243; _builder_version=&#8221;4.16&#8243; custom_padding=&#8221;|||&#8221; global_colors_info=&#8221;{}&#8221; custom_padding__hover=&#8221;|||&#8221;][et_pb_text _builder_version=&#8221;4.16&#8243; text_font=&#8221;||||||||&#8221; header_font=&#8221;Bebas Neue|700||on|||||&#8221; header_font_size=&#8221;80px&#8221; header_2_font=&#8221;Bebas Neue||||||||&#8221; header_2_font_size=&#8221;60px&#8221; background_layout=&#8221;dark&#8221; header_font_size_tablet=&#8221;60px&#8221; header_font_size_phone=&#8221;40px&#8221; header_font_size_last_edited=&#8221;on|phone&#8221; locked=&#8221;off&#8221; global_colors_info=&#8221;{}&#8221;]<\/p>\n<h2 class=\"elementor-heading-title elementor-size-default\">Privater Think Tank<\/h2>\n<p>[\/et_pb_text][et_pb_divider color=&#8221;#FFD10A&#8221; divider_weight=&#8221;2px&#8221; _builder_version=&#8221;4.16&#8243; _module_preset=&#8221;default&#8221; width=&#8221;40%&#8221; global_colors_info=&#8221;{}&#8221;][\/et_pb_divider][et_pb_text _builder_version=&#8221;4.17.1&#8243; text_font=&#8221;Montserrat|600|||||||&#8221; text_line_height=&#8221;2em&#8221; background_layout=&#8221;dark&#8221; hover_enabled=&#8221;0&#8243; locked=&#8221;off&#8221; global_colors_info=&#8221;{}&#8221; sticky_enabled=&#8221;0&#8243;]<\/p>\n<p>Gegr\u00fcndet 2017 als \"Privates for Privates\" gibt das GABF eine neue Perspektive auf Afrika als lukrativen Wirtschaftsstandort.<\/p>\n<p>Wir sind ein internationales Team mit hoher Expertise auf dem deutschen und afrikanischen Markt. Mit Sitz in Berlin und Johannesburg arbeiten wir als Advocacy-Organisation, die Institutionen und Unternehmen dabei unterst\u00fctzt, ihre Zusammenarbeit zu verbessern und ihr Gesch\u00e4ft in Afrika auszubauen.<\/p>\n<p>Unser oberstes Ziel ist es, langfristige Partnerschaften auf gleicher Augenh\u00f6he zu schaffen. Mit unserem gro\u00dfen Netzwerk in der Subsahara-Region sind wir ein hervorragender Partner zur Vertiefung der Gesch\u00e4ftsbeziehungen in Afrika. <\/p>\n<p>[\/et_pb_text][\/et_pb_column_inner][\/et_pb_row_inner][\/et_pb_column][\/et_pb_section][et_pb_section fb_built=&#8221;1&#8243; admin_label=&#8221;Team Section&#8221; _builder_version=&#8221;4.16&#8243; custom_margin=&#8221;||-2px|||&#8221; custom_padding=&#8221;50px|||||&#8221; global_colors_info=&#8221;{}&#8221;][et_pb_row admin_label=&#8221;Team Area&#8221; _builder_version=&#8221;4.16&#8243; locked=&#8221;off&#8221; global_colors_info=&#8221;{}&#8221;][et_pb_column type=&#8221;4_4&#8243; _builder_version=&#8221;4.16&#8243; custom_padding=&#8221;|||&#8221; global_colors_info=&#8221;{}&#8221; custom_padding__hover=&#8221;|||&#8221;][et_pb_text admin_label=&#8221;Title&#8221; _builder_version=&#8221;4.16&#8243; text_font=&#8221;||||||||&#8221; header_font=&#8221;||||||||&#8221; header_2_font=&#8221;Bebas Neue||||||||&#8221; header_2_text_align=&#8221;center&#8221; header_2_font_size=&#8221;48px&#8221; header_2_line_height=&#8221;1.6em&#8221; custom_margin=&#8221;||10px|&#8221; custom_padding=&#8221;|||&#8221; animation_style=&#8221;fade&#8221; header_2_font_size_tablet=&#8221;40px&#8221; header_2_font_size_phone=&#8221;&#8221; header_2_font_size_last_edited=&#8221;on|tablet&#8221; global_colors_info=&#8221;{}&#8221;]<\/p>\n<h2>Das GABF Team<\/h2>\n<p>[\/et_pb_text][et_pb_divider color=&#8221;#ffd10a&#8221; divider_position=&#8221;center&#8221; divider_weight=&#8221;3px&#8221; _builder_version=&#8221;4.16&#8243; max_width=&#8221;70px&#8221; module_alignment=&#8221;center&#8221; animation_style=&#8221;slide&#8221; animation_direction=&#8221;top&#8221; animation_intensity_slide=&#8221;10%&#8221; animation_starting_opacity=&#8221;100%&#8221; global_colors_info=&#8221;{}&#8221;][\/et_pb_divider][\/et_pb_column][\/et_pb_row][et_pb_row column_structure=&#8221;1_2,1_2&#8243; admin_label=&#8221;Team Area&#8221; _builder_version=&#8221;4.16&#8243; global_colors_info=&#8221;{}&#8221;][et_pb_column type=&#8221;1_2&#8243; _builder_version=&#8221;4.16&#8243; custom_padding=&#8221;|||&#8221; global_colors_info=&#8221;{}&#8221; custom_padding__hover=&#8221;|||&#8221;][et_pb_team_member name=&#8221;Sebastian Wagner&#8221; position=&#8221;Executive Chair at Germany Africa Business Forum e. V. (GABF)&#8221; image_url=&#8221;https:\/\/germanyafrica.com\/wp-content\/uploads\/2022\/03\/sebastian-1.webp&#8221; linkedin_url=&#8221;https:\/\/www.linkedin.com\/in\/sebastian-wagner-60344739\/&#8221; icon_color=&#8221;#747d88&#8243; _builder_version=&#8221;4.17.1&#8243; header_font=&#8221;Bebas Neue||||||||&#8221; header_letter_spacing=&#8221;1px&#8221; header_line_height=&#8221;1.5em&#8221; body_font=&#8221;||||||||&#8221; position_font=&#8221;Montserrat||||||||&#8221; animation_style=&#8221;fade&#8221; global_colors_info=&#8221;{}&#8221;]<\/p>\n<p><span><\/span><\/p>\n<p><span>Sebastian Wagner ist der Mitbegr\u00fcnder des Germany Africa Business Forum e. V. Bereits seit mehr als 10 Jahren hat Sebastian Wagner sich intensiv mit der wirtschaftlichen Entwicklung des afrikanischen Kontinents auseinandergesetzt, die ihn von Deutschland aus nach Uganda, Rwanda, Malawi, \u00c4quatorialguinea, Botsuana, Mosambik, Simbabwe und S\u00fcdafrika f\u00fchrte. Seine berufliche Erfahrung umfasst den lokalen afrikanischen wie auch den internationalen Finanzmarkt. Das schlie\u00dft unter anderem solche Arbeitgeber wie die ADC African Development Corporation mit ein. Zudem engagierte sich Sebastian Wagner ehrenamtlich f\u00fcr die Bill &amp; Melinda Gates Stiftung sowie das Grow Movement.<\/span><\/p>\n<p>[\/et_pb_team_member][\/et_pb_column][et_pb_column type=&#8221;1_2&#8243; _builder_version=&#8221;4.16&#8243; custom_padding=&#8221;|||&#8221; global_colors_info=&#8221;{}&#8221; custom_padding__hover=&#8221;|||&#8221;][et_pb_team_member name=&#8221;Jessica Stang&#8221; position=&#8221;Community Manger at Germany Africa Business Forum e. V.&#8221; image_url=&#8221;https:\/\/germanyafrica.com\/wp-content\/uploads\/2022\/03\/jessica.webp&#8221; linkedin_url=&#8221;https:\/\/www.linkedin.com\/in\/jessica-stang\/&#8221; icon_color=&#8221;#747d88&#8243; _builder_version=&#8221;4.17.1&#8243; header_font=&#8221;Bebas Neue||||||||&#8221; header_letter_spacing=&#8221;1px&#8221; header_line_height=&#8221;1.5em&#8221; body_font=&#8221;||||||||&#8221; animation_style=&#8221;fade&#8221; locked=&#8221;off&#8221; global_colors_info=&#8221;{}&#8221;]<\/p>\n<p><span><\/span><\/p>\n<p><span>Jessica Stang ist Community Manager von Germany Africa Business Forum e. V. Neben ihrem Masterstudium der Urbanistik an der TU Berlin weist Jessica Stang eine hohe internationale Expertise durch Arbeits- und Lebenserfahrungen in L\u00e4ndern wie Rwanda, Namibia und Portugal auf. Die Kompetenzen und Know-How in Projekt- und Eventmanagement, Consulting, Forschungs- und Recherchearbeit sowie agilen Methoden sammelte Jessica Stang w\u00e4hrend ihrer beruflichen T\u00e4tigkeit bei der Landesstiftung Miteinander in Hessen und bei Nordlicht Management Consultants.<\/span><\/p>\n<p>[\/et_pb_team_member][\/et_pb_column][\/et_pb_row][\/et_pb_section][et_pb_section fb_built=&#8221;1&#8243; admin_label=&#8221;CTA Section&#8221; _builder_version=&#8221;4.16&#8243; use_background_color_gradient=&#8221;on&#8221; background_color_gradient_stops=&#8221;#313e47 0%|rgba(49,62,71,0.74) 100%&#8221; background_color_gradient_overlays_image=&#8221;on&#8221; background_color_gradient_start=&#8221;#313e47&#8243; background_color_gradient_end=&#8221;rgba(49,62,71,0.74)&#8221; background_image=&#8221;https:\/\/germanyafrica.com\/wp-content\/uploads\/2022\/02\/pexels-ingo-joseph-109629.jpg&#8221; custom_padding=&#8221;200px|0px|200px|&#8221; border_color_all=&#8221;#26333a&#8221; border_width_left=&#8221;0vw&#8221; global_colors_info=&#8221;{}&#8221;][et_pb_row column_structure=&#8221;1_2,1_2&#8243; use_custom_gutter=&#8221;on&#8221; gutter_width=&#8221;2&#8243; admin_label=&#8221;CTA Area&#8221; _builder_version=&#8221;4.16&#8243; locked=&#8221;off&#8221; global_colors_info=&#8221;{}&#8221;][et_pb_column type=&#8221;1_2&#8243; _builder_version=&#8221;4.16&#8243; custom_padding=&#8221;|||&#8221; global_colors_info=&#8221;{}&#8221; custom_padding__hover=&#8221;|||&#8221;][et_pb_text admin_label=&#8221;Title&#8221; _builder_version=&#8221;4.16&#8243; text_font=&#8221;||||||||&#8221; header_font=&#8221;||||||||&#8221; header_2_font=&#8221;Bebas Neue||||||||&#8221; header_2_font_size=&#8221;48px&#8221; header_2_line_height=&#8221;1.6em&#8221; background_layout=&#8221;dark&#8221; module_alignment=&#8221;center&#8221; custom_margin=&#8221;|||&#8221; custom_padding=&#8221;|||&#8221; animation_style=&#8221;fade&#8221; header_2_font_size_tablet=&#8221;40px&#8221; header_2_font_size_phone=&#8221;&#8221; header_2_font_size_last_edited=&#8221;on|tablet&#8221; locked=&#8221;off&#8221; global_colors_info=&#8221;{}&#8221;]<\/p>\n<h2>Lass uns zusammen arbeiten<\/h2>\n<p>[\/et_pb_text][\/et_pb_column][et_pb_column type=&#8221;1_2&#8243; _builder_version=&#8221;4.16&#8243; custom_padding=&#8221;|||&#8221; global_colors_info=&#8221;{}&#8221; custom_padding__hover=&#8221;|||&#8221;][et_pb_button button_url=&#8221;@ET-DC@eyJkeW5hbWljIjp0cnVlLCJjb250ZW50IjoicG9zdF9saW5rX3VybF9wYWdlIiwic2V0dGluZ3MiOnsicG9zdF9pZCI6IjIyOTU4NyJ9fQ==@&#8221; button_text=&#8221;Get In Touch&#8221; _builder_version=&#8221;4.16&#8243; _dynamic_attributes=&#8221;button_url&#8221; custom_button=&#8221;on&#8221; button_text_size=&#8221;14px&#8221; button_text_color=&#8221;#ffd10a&#8221; button_border_width=&#8221;2px&#8221; button_border_color=&#8221;#ffd10a&#8221; button_border_radius=&#8221;0px&#8221; button_letter_spacing=&#8221;4px&#8221; button_font=&#8221;Montserrat|700||on|||||&#8221; button_icon=&#8221;&#x24;||divi||400&#8243; custom_margin=&#8221;10px|||&#8221; custom_padding=&#8221;10px||10px|&#8221; animation_style=&#8221;fade&#8221; animation_direction=&#8221;right&#8221; button_bg_color_hover=&#8221;rgba(0,0,0,0)&#8221; global_colors_info=&#8221;{}&#8221; button_text_size__hover_enabled=&#8221;off&#8221; button_one_text_size__hover_enabled=&#8221;off&#8221; button_two_text_size__hover_enabled=&#8221;off&#8221; button_text_color__hover_enabled=&#8221;off&#8221; button_one_text_color__hover_enabled=&#8221;off&#8221; button_two_text_color__hover_enabled=&#8221;off&#8221; button_border_width__hover_enabled=&#8221;off&#8221; button_one_border_width__hover_enabled=&#8221;off&#8221; button_two_border_width__hover_enabled=&#8221;off&#8221; button_border_color__hover_enabled=&#8221;off&#8221; button_one_border_color__hover_enabled=&#8221;off&#8221; button_two_border_color__hover_enabled=&#8221;off&#8221; button_border_radius__hover_enabled=&#8221;off&#8221; button_one_border_radius__hover_enabled=&#8221;off&#8221; button_two_border_radius__hover_enabled=&#8221;off&#8221; button_letter_spacing__hover_enabled=&#8221;off&#8221; button_one_letter_spacing__hover_enabled=&#8221;off&#8221; button_two_letter_spacing__hover_enabled=&#8221;off&#8221; button_bg_color__hover_enabled=&#8221;on&#8221; button_bg_color__hover=&#8221;rgba(0,0,0,0)&#8221; button_one_bg_color__hover_enabled=&#8221;off&#8221; button_two_bg_color__hover_enabled=&#8221;off&#8221;][\/et_pb_button][\/et_pb_column][\/et_pb_row][\/et_pb_section]<\/p>","protected":false},"excerpt":{"rendered":"<p>A Private Think TankFounded in 2017 as a \u201cprivates for privates\u201d the GABF gives a new perspective on Africa as a lucrative business location. We are an international team with high expertise in the German and African market. Based in Berlin and Johannesburg we work as an advocacy organization that supports institutions and corporates to [&hellip;]<\/p>","protected":false},"author":1,"featured_media":0,"parent":0,"menu_order":0,"comment_status":"closed","ping_status":"closed","template":"","meta":{"_et_pb_use_builder":"on","_et_pb_old_content":"<!-- wp:divi\/placeholder \/-->","_et_gb_content_width":"","footnotes":""},"class_list":["post-229480","page","type-page","status-publish","hentry"],"_links":{"self":[{"href":"https:\/\/germanyafrica.com\/de\/wp-json\/wp\/v2\/pages\/229480","targetHints":{"allow":["GET"]}}],"collection":[{"href":"https:\/\/germanyafrica.com\/de\/wp-json\/wp\/v2\/pages"}],"about":[{"href":"https:\/\/germanyafrica.com\/de\/wp-json\/wp\/v2\/types\/page"}],"author":[{"embeddable":true,"href":"https:\/\/germanyafrica.com\/de\/wp-json\/wp\/v2\/users\/1"}],"replies":[{"embeddable":true,"href":"https:\/\/germanyafrica.com\/de\/wp-json\/wp\/v2\/comments?post=229480"}],"version-history":[{"count":31,"href":"https:\/\/germanyafrica.com\/de\/wp-json\/wp\/v2\/pages\/229480\/revisions"}],"predecessor-version":[{"id":230118,"href":"https:\/\/germanyafrica.com\/de\/wp-json\/wp\/v2\/pages\/229480\/revisions\/230118"}],"wp:attachment":[{"href":"https:\/\/germanyafrica.com\/de\/wp-json\/wp\/v2\/media?parent=229480"}],"curies":[{"name":"wp","href":"https:\/\/api.w.org\/{rel}","templated":true}]}}